{"id":41,"date":"2024-10-02T13:15:08","date_gmt":"2024-10-02T13:15:08","guid":{"rendered":"https:\/\/limpezadecondominios.pt\/?page_id=41"},"modified":"2024-10-02T16:02:37","modified_gmt":"2024-10-02T16:02:37","slug":"servicos-de-limpeza","status":"publish","type":"page","link":"https:\/\/limpezadecondominios.pt\/?page_id=41","title":{"rendered":"Servi\u00e7os de Limpeza"},"content":{"rendered":"\n<div class=\"wp-block-cover alignfull is-light\" style=\"margin-top:0;margin-bottom:0;padding-top:0px;padding-bottom:80px;min-height:300px;aspect-ratio:unset;\"><span aria-hidden=\"true\" class=\"wp-block-cover__background has-background-dim-0 has-background-dim\" style=\"background-color:#e9ceb0\"><\/span><img decoding=\"async\" class=\"wp-block-cover__image-background wp-image-4206\" alt=\"\" src=\"https:\/\/tyler.com\/wp-content\/uploads\/2023\/12\/surf-banner1.jpg\" style=\"object-position:100% 50%\" data-object-fit=\"cover\" data-object-position=\"100% 50%\"\/><div class=\"wp-block-cover__inner-container has-global-padding is-layout-constrained wp-container-core-cover-is-layout-d4c6b484 wp-block-cover-is-layout-constrained\">\n<div style=\"height:150px\" aria-hidden=\"true\" class=\"wp-block-spacer\"><\/div>\n\n\n\n<h1 class=\"wp-block-heading has-text-align-center has-text-color has-link-color has-suranna-font-family wp-elements-7e6e236b10749446a4672ceb70d3c9e6\" style=\"color:#ffffff;font-size:clamp(38.682px, 2.418rem + ((1vw - 3.2px) * 3.786), 72px);font-style:normal;font-weight:500\">Condom\u00ednio Brilhante!<\/h1>\n<\/div><\/div>\n\n\n\n<div class=\"wp-block-group alignfull has-global-padding is-layout-constrained wp-container-core-group-is-layout-4383d167 wp-block-group-is-layout-constrained\">\n<div class=\"wp-block-group alignwide has-global-padding is-layout-constrained wp-container-core-group-is-layout-5ff8a92b wp-block-group-is-layout-constrained\" style=\"margin-top:0;margin-bottom:0;padding-top:100px;padding-bottom:100px\">\n<div class=\"wp-block-columns is-layout-flex wp-container-core-columns-is-layout-92515837 wp-block-columns-is-layout-flex\">\n<div class=\"wp-block-column is-layout-flow wp-block-column-is-layout-flow\">\n<figure class=\"wp-block-image alignleft size-full\"><img decoding=\"async\" src=\"https:\/\/tyler.com\/wp-content\/uploads\/2023\/11\/Surf-Services-2nd-Sec-Image.jpeg\" alt=\"\" class=\"wp-image-2517\"\/><\/figure>\n<\/div>\n\n\n\n<div class=\"wp-block-column is-vertically-aligned-center has-global-padding is-content-justification-left is-layout-constrained wp-container-core-column-is-layout-12dd3699 wp-block-column-is-layout-constrained\">\n<h3 class=\"wp-block-heading has-text-align-left has-text-color has-suranna-font-family\" style=\"color:#000000;margin-top:0.5rem;margin-bottom:0rem;font-size:clamp(24.034px, 1.502rem + ((1vw - 3.2px) * 1.814), 40px);font-style:normal;font-weight:500;letter-spacing:0px;line-height:1.3\">Limpeza Di\u00e1ria<\/h3>\n\n\n\n<hr class=\"wp-block-separator has-alpha-channel-opacity\"\/>\n\n\n\n<p class=\"has-text-color has-link-color has-pontano-sans-font-family wp-elements-9a4ac202b323c859a027aedbee729b4c\" style=\"color:#000000;font-size:clamp(14px, 0.875rem + ((1vw - 3.2px) * 0.455), 18px);\">A Limpeza Di\u00e1ria \u00e9 a solu\u00e7\u00e3o perfeita para manter seu condom\u00ednio sempre impec\u00e1vel. Nossos profissionais garantem que todas as \u00e1reas comuns estejam limpas e organizadas todos os dias, proporcionando um ambiente agrad\u00e1vel.<\/p>\n\n\n\n<p class=\"has-text-color has-link-color has-pontano-sans-font-family wp-elements-ff9595721e11722c8898ba3f5269e9cb\" style=\"color:#000000;font-size:clamp(14px, 0.875rem + ((1vw - 3.2px) * 0.455), 18px);\">Com aten\u00e7\u00e3o aos detalhes, nossa equipe cuida de cada canto do seu condom\u00ednio. Desde o hall de entrada at\u00e9 as escadas, tudo \u00e9 limpo com carinho. Voc\u00ea pode relaxar sabendo que o seu espa\u00e7o est\u00e1 sempre pronto para receber moradores e visitantes.<\/p>\n\n\n\n<p class=\"has-text-color has-link-color has-pontano-sans-font-family wp-elements-7df924c569e5411fddfd8905235ef6a2\" style=\"color:#000000;font-size:clamp(14px, 0.875rem + ((1vw - 3.2px) * 0.455), 18px);\">Al\u00e9m disso, oferecemos flexibilidade de hor\u00e1rios para atender \u00e0 sua rotina. Voc\u00ea escolhe os melhores momentos para nossa equipe trabalhar, garantindo que a limpeza n\u00e3o atrapalhe a conviv\u00eancia dos moradores. \u00c9 assim que fazemos a diferen\u00e7a!<\/p>\n\n\n\n<p class=\"has-text-color has-link-color has-pontano-sans-font-family wp-elements-04f8b0950afecba6d27a26c2895797de\" style=\"color:#000000;font-size:clamp(14px, 0.875rem + ((1vw - 3.2px) * 0.455), 18px);\">Nossos produtos de limpeza s\u00e3o seguros e eficazes, garantindo um ambiente saud\u00e1vel para todos. Com a Limpeza Di\u00e1ria, voc\u00ea tem a certeza de que seu condom\u00ednio brilha e promove bem-estar para todos os moradores. \u00c9 qualidade em cada detalhe!<\/p>\n\n\n\n<p class=\"has-text-color has-link-color has-pontano-sans-font-family wp-elements-fc21a73923066b3d38ad3d8261c37213\" style=\"color:#000000;font-size:clamp(14px, 0.875rem + ((1vw - 3.2px) * 0.455), 18px);\">Escolher nossa Limpeza Di\u00e1ria \u00e9 investir na felicidade do seu condom\u00ednio. Junte-se aos muitos clientes satisfeitos que desfrutam de um espa\u00e7o limpo e acolhedor. Entre em contato e descubra como podemos transformar seu ambiente!<\/p>\n\n\n\n<div class=\"wp-block-buttons is-horizontal is-content-justification-left is-layout-flex wp-container-core-buttons-is-layout-324fa30b wp-block-buttons-is-layout-flex\" style=\"margin-top:20px\">\n<div class=\"wp-block-button has-custom-width wp-block-button__width-50 has-custom-font-size is-style-fill has-pontano-sans-font-family\" style=\"font-size:clamp(0.875rem, 0.875rem + ((1vw - 0.2rem) * 0.245), 1.01rem);font-style:normal;font-weight:600;letter-spacing:1px;line-height:1.5;text-transform:uppercase\"><a class=\"wp-block-button__link has-text-color has-background wp-element-button\" href=\"#\" style=\"border-style:none;border-width:0px;border-radius:0rem;color:#fffffd;background-color:#e27013;padding-top:0.71rem;padding-right:0.31rem;padding-bottom:0.71rem;padding-left:0.31rem\">Pe\u00e7a Or\u00e7amento!<\/a><\/div>\n<\/div>\n<\/div>\n<\/div>\n<\/div>\n<\/div>\n\n\n\n<div class=\"wp-block-group alignfull has-global-padding is-layout-constrained wp-container-core-group-is-layout-4383d167 wp-block-group-is-layout-constrained\">\n<div class=\"wp-block-group alignwide has-global-padding is-layout-constrained wp-container-core-group-is-layout-1be1424c wp-block-group-is-layout-constrained\" style=\"margin-top:0;margin-bottom:0;padding-bottom:100px\">\n<div class=\"wp-block-columns is-layout-flex wp-container-core-columns-is-layout-92515837 wp-block-columns-is-layout-flex\">\n<div class=\"wp-block-column is-vertically-aligned-center has-global-padding is-content-justification-left is-layout-constrained wp-container-core-column-is-layout-12dd3699 wp-block-column-is-layout-constrained\">\n<h3 class=\"wp-block-heading has-text-align-left has-text-color has-suranna-font-family\" style=\"color:#000000;margin-top:0.5rem;margin-bottom:0rem;font-size:clamp(24.034px, 1.502rem + ((1vw - 3.2px) * 1.814), 40px);font-style:normal;font-weight:500;letter-spacing:0px;line-height:1.3\">Limpeza Semanal<\/h3>\n\n\n\n<hr class=\"wp-block-separator has-alpha-channel-opacity\"\/>\n\n\n\n<p class=\"has-text-color has-link-color has-pontano-sans-font-family wp-elements-ae98e0024e7ab7e2f5e98a2bf11e4980\" style=\"color:#000000;font-size:clamp(14px, 0.875rem + ((1vw - 3.2px) * 0.455), 18px);\">A Limpeza Semanal \u00e9 ideal para condom\u00ednios que precisam de um cuidado extra. Nossa equipe realiza uma limpeza profunda em todas as \u00e1reas comuns, garantindo que seu espa\u00e7o esteja sempre limpo e acolhedor para todos.<\/p>\n\n\n\n<p class=\"has-text-color has-link-color has-pontano-sans-font-family wp-elements-2f00a504870319669bd725cf0c7d7ed1\" style=\"color:#000000;font-size:clamp(14px, 0.875rem + ((1vw - 3.2px) * 0.455), 18px);\">Com a Limpeza Semanal, voc\u00ea pode contar com uma abordagem detalhada. N\u00f3s limpamos pisos, janelas e m\u00f3veis, removendo sujeira e poeira acumulada. Assim, seu condom\u00ednio brilha e se mant\u00e9m saud\u00e1vel para todos os moradores.<\/p>\n\n\n\n<p class=\"has-text-color has-link-color has-pontano-sans-font-family wp-elements-37057e0ab9d1fa3e06ce52d11f9cc403\" style=\"color:#000000;font-size:clamp(14px, 0.875rem + ((1vw - 3.2px) * 0.455), 18px);\">Nossos profissionais s\u00e3o treinados para usar t\u00e9cnicas eficientes e produtos seguros. A limpeza \u00e9 feita com respeito ao seu espa\u00e7o e \u00e0s suas necessidades. Voc\u00ea escolhe o dia da semana que melhor se encaixa na rotina do seu condom\u00ednio.<\/p>\n\n\n\n<p class=\"has-text-color has-link-color has-pontano-sans-font-family wp-elements-7c2affb57f0725355d884b02672db670\" style=\"color:#000000;font-size:clamp(14px, 0.875rem + ((1vw - 3.2px) * 0.455), 18px);\">Com a Limpeza Semanal, voc\u00ea garante um ambiente sempre agrad\u00e1vel. A regularidade do servi\u00e7o evita o ac\u00famulo de sujeira e traz frescor ao seu condom\u00ednio. \u00c9 uma forma de cuidar do seu espa\u00e7o e da sa\u00fade de todos os moradores. \n\n<\/p>\n\n\n\n<p class=\"has-text-color has-link-color has-pontano-sans-font-family wp-elements-ed8ba88250c6064a42e9f919370b561f\" style=\"color:#000000;font-size:clamp(14px, 0.875rem + ((1vw - 3.2px) * 0.455), 18px);\">N\u00e3o deixe seu condom\u00ednio descuidar! Escolha a Limpeza Semanal e surpreenda-se com a transforma\u00e7\u00e3o do seu espa\u00e7o. Entre em contato agora e descubra como podemos ajudar a manter a beleza e a higiene do seu lar!<\/p>\n\n\n\n<div class=\"wp-block-buttons is-horizontal is-content-justification-left is-layout-flex wp-container-core-buttons-is-layout-324fa30b wp-block-buttons-is-layout-flex\" style=\"margin-top:20px\">\n<div class=\"wp-block-button has-custom-width wp-block-button__width-50 has-custom-font-size is-style-fill has-pontano-sans-font-family\" style=\"font-size:clamp(0.875rem, 0.875rem + ((1vw - 0.2rem) * 0.245), 1.01rem);font-style:normal;font-weight:600;letter-spacing:1px;line-height:1.5;text-transform:uppercase\"><a class=\"wp-block-button__link has-text-color has-background wp-element-button\" href=\"#\" style=\"border-style:none;border-width:0px;border-radius:0rem;color:#fffffd;background-color:#e27013;padding-top:0.71rem;padding-right:0.31rem;padding-bottom:0.71rem;padding-left:0.31rem\">Agende Agora!<\/a><\/div>\n<\/div>\n<\/div>\n\n\n\n<div class=\"wp-block-column is-layout-flow wp-block-column-is-layout-flow\">\n<figure class=\"wp-block-image alignright size-full\"><img decoding=\"async\" src=\"https:\/\/tyler.com\/wp-content\/uploads\/2023\/11\/Surf-Services-5th-Sec-Image.jpeg\" alt=\"\" class=\"wp-image-2523\" style=\"aspect-ratio:2\/3;object-fit:cover\"\/><\/figure>\n<\/div>\n<\/div>\n<\/div>\n<\/div>\n\n\n\n<div class=\"wp-block-group alignfull has-global-padding is-layout-constrained wp-container-core-group-is-layout-4383d167 wp-block-group-is-layout-constrained\">\n<div class=\"wp-block-group alignwide has-global-padding is-layout-constrained wp-container-core-group-is-layout-1be1424c wp-block-group-is-layout-constrained\" style=\"margin-top:0;margin-bottom:0;padding-bottom:100px\">\n<div class=\"wp-block-columns is-layout-flex wp-container-core-columns-is-layout-92515837 wp-block-columns-is-layout-flex\">\n<div class=\"wp-block-column is-layout-flow wp-block-column-is-layout-flow\">\n<figure class=\"wp-block-image alignleft size-full\"><img decoding=\"async\" src=\"https:\/\/tyler.com\/wp-content\/uploads\/2023\/11\/Surf-Services-4th-Sec-Image.jpeg\" alt=\"\" class=\"wp-image-2522\"\/><\/figure>\n<\/div>\n\n\n\n<div class=\"wp-block-column is-vertically-aligned-center has-global-padding is-content-justification-left is-layout-constrained wp-container-core-column-is-layout-12dd3699 wp-block-column-is-layout-constrained\">\n<h3 class=\"wp-block-heading has-text-align-left has-text-color has-suranna-font-family\" style=\"color:#000000;margin-top:0.5rem;margin-bottom:0rem;font-size:clamp(24.034px, 1.502rem + ((1vw - 3.2px) * 1.814), 40px);font-style:normal;font-weight:500;letter-spacing:0px;line-height:1.3\">Limpeza Mensal<\/h3>\n\n\n\n<hr class=\"wp-block-separator has-alpha-channel-opacity\"\/>\n\n\n\n<p class=\"has-text-color has-link-color has-pontano-sans-font-family wp-elements-85b0c8a4d0c229e6d1438e395a0e7839\" style=\"color:#000000;font-size:clamp(14px, 0.875rem + ((1vw - 3.2px) * 0.455), 18px);\">A Limpeza Mensal \u00e9 a escolha perfeita para condom\u00ednios que desejam um cuidado especial em intervalos regulares. Nossos profissionais realizam uma limpeza completa, garantindo que cada espa\u00e7o esteja revitalizado e acolhedor.<\/p>\n\n\n\n<p class=\"has-text-color has-link-color has-pontano-sans-font-family wp-elements-f2e89374212099d2c2243e9c740f6a55\" style=\"color:#000000;font-size:clamp(14px, 0.875rem + ((1vw - 3.2px) * 0.455), 18px);\">Com a Limpeza Mensal, focamos em \u00e1reas que precisam de aten\u00e7\u00e3o extra, como garagens, jardins e \u00e1reas de lazer. Isso garante que todos os cantos do seu condom\u00ednio sejam cuidados, oferecendo um ambiente limpo e agrad\u00e1vel para todos.<\/p>\n\n\n\n<p class=\"has-text-color has-link-color has-pontano-sans-font-family wp-elements-dc4a9909b2395f865775e81e131e0529\" style=\"color:#000000;font-size:clamp(14px, 0.875rem + ((1vw - 3.2px) * 0.455), 18px);\">Utilizamos produtos de alta qualidade que s\u00e3o seguros para os moradores e o meio ambiente. Nossa equipe \u00e9 treinada para atender a todas as suas solicita\u00e7\u00f5es, garantindo que cada detalhe seja limpo com efici\u00eancia e cuidado. \n\n<\/p>\n\n\n\n<p class=\"has-text-color has-link-color has-pontano-sans-font-family wp-elements-9d52f310331111c9a2428863664839ac\" style=\"color:#000000;font-size:clamp(14px, 0.875rem + ((1vw - 3.2px) * 0.455), 18px);\">Com a Limpeza Mensal, voc\u00ea evita surpresas desagrad\u00e1veis e mant\u00e9m seu espa\u00e7o sempre pronto para receber visitas. Proporcionamos um ambiente saud\u00e1vel, onde todos podem desfrutar de um condom\u00ednio limpo e bem cuidado. \n\n<\/p>\n\n\n\n<p class=\"has-text-color has-link-color has-pontano-sans-font-family wp-elements-d165fae06c1b2146ccf516f6ca5f4874\" style=\"color:#000000;font-size:clamp(14px, 0.875rem + ((1vw - 3.2px) * 0.455), 18px);\">N\u00e3o deixe a sujeira se acumular! Escolha a Limpeza Mensal e transforme seu condom\u00ednio em um lugar ainda mais agrad\u00e1vel. Fale conosco e descubra como podemos ajudar a manter seu espa\u00e7o sempre brilhante!<\/p>\n\n\n\n<div class=\"wp-block-buttons is-horizontal is-content-justification-left is-layout-flex wp-container-core-buttons-is-layout-324fa30b wp-block-buttons-is-layout-flex\" style=\"margin-top:20px\">\n<div class=\"wp-block-button has-custom-width wp-block-button__width-50 has-custom-font-size is-style-fill has-pontano-sans-font-family\" style=\"font-size:clamp(0.875rem, 0.875rem + ((1vw - 0.2rem) * 0.245), 1.01rem);font-style:normal;font-weight:600;letter-spacing:1px;line-height:1.5;text-transform:uppercase\"><a class=\"wp-block-button__link has-text-color has-background wp-element-button\" href=\"#\" style=\"border-style:none;border-width:0px;border-radius:0rem;color:#fffffd;background-color:#e27013;padding-top:0.71rem;padding-right:0.31rem;padding-bottom:0.71rem;padding-left:0.31rem\">Solicite Informa\u00e7\u00e3o!<\/a><\/div>\n<\/div>\n<\/div>\n<\/div>\n<\/div>\n<\/div>\n\n\n\n<section class=\"wp-block-cover alignfull\" style=\"margin-top:0px;padding-top:1.01rem;padding-bottom:1.01rem;min-height:430px;aspect-ratio:unset;\"><span aria-hidden=\"true\" class=\"wp-block-cover__background has-background-dim-0 has-background-dim\" style=\"background-color:#edf1f2\"><\/span><img decoding=\"async\" class=\"wp-block-cover__image-background wp-image-2516\" alt=\"\" src=\"https:\/\/tyler.com\/wp-content\/uploads\/2023\/11\/Surf-About-4th-Cover-Image.jpeg\" style=\"object-position:50% 51%\" data-object-fit=\"cover\" data-object-position=\"50% 51%\"\/><div class=\"wp-block-cover__inner-container has-global-padding is-layout-constrained wp-container-core-cover-is-layout-b1bebcb3 wp-block-cover-is-layout-constrained\">\n<div class=\"wp-block-group has-text-color is-layout-flow wp-block-group-is-layout-flow\" style=\"color:#fffffd;margin-top:0px;padding-top:0rem;padding-right:1rem;padding-bottom:0rem;padding-left:1rem;font-size:clamp(0.875rem, 0.875rem + ((1vw - 0.2rem) * 0.464), 1.13rem);font-style:normal;font-weight:400;line-height:1.4\">\n<div class=\"wp-block-group has-global-padding is-layout-constrained wp-container-core-group-is-layout-bdbfdc43 wp-block-group-is-layout-constrained\">\n<p class=\"has-text-align-center has-text-color\" style=\"color:#fffffd;margin-bottom:0rem;font-size:clamp(1.507rem, 1.507rem + ((1vw - 0.2rem) * 1.824), 2.51rem);font-style:normal;font-weight:400;line-height:1.2\">Escolher nossos servi\u00e7os \u00e9 garantir qualidade e conforto para todos os moradores do condom\u00ednio!<\/p>\n<\/div>\n\n\n\n<div class=\"wp-block-group is-vertical is-content-justification-stretch is-layout-flex wp-container-core-group-is-layout-bfdebe91 wp-block-group-is-layout-flex\" style=\"margin-top:1.81rem;padding-right:0px;padding-left:0px\">\n<div class=\"wp-block-group has-global-padding is-content-justification-center is-layout-constrained wp-container-core-group-is-layout-2f0bcb29 wp-block-group-is-layout-constrained\" style=\"margin-top:0px\">\n<div class=\"wp-block-buttons is-horizontal is-content-justification-right is-layout-flex wp-container-core-buttons-is-layout-099266fd wp-block-buttons-is-layout-flex\" style=\"margin-top:0.51rem\">\n<div class=\"wp-block-button has-custom-width wp-block-button__width-100 has-custom-font-size is-style-fill\" style=\"font-size:clamp(0.875rem, 0.875rem + ((1vw - 0.2rem) * 0.245), 1.01rem);font-style:normal;font-weight:600;line-height:1.5;text-transform:uppercase\"><a class=\"wp-block-button__link has-text-color has-background wp-element-button\" href=\"#\" style=\"border-style:none;border-width:0px;border-radius:0rem;color:#fffffd;background-color:#e27013;padding-top:0.71rem;padding-right:0.31rem;padding-bottom:0.71rem;padding-left:0.31rem\">Escolha Qualidade!<\/a><\/div>\n<\/div>\n<\/div>\n<\/div>\n<\/div>\n<\/div><\/section>\n","protected":false},"excerpt":{"rendered":"<p>Limpeza Di\u00e1ria A Limpeza Di\u00e1ria \u00e9 a solu\u00e7\u00e3o perfeita para manter seu condom\u00ednio sempre impec\u00e1vel. Nossos profissionais garantem que todas as \u00e1reas comuns estejam limpas e organizadas todos os dias, proporcionando um ambiente agrad\u00e1vel. Com aten\u00e7\u00e3o aos detalhes, nossa equipe cuida de cada canto do seu condom\u00ednio. Desde o hall de entrada at\u00e9 as escadas, [&hellip;]<\/p>\n","protected":false},"author":1,"featured_media":0,"parent":0,"menu_order":0,"comment_status":"closed","ping_status":"closed","template":"","meta":{"footnotes":""},"class_list":["post-41","page","type-page","status-publish","hentry"],"_links":{"self":[{"href":"https:\/\/limpezadecondominios.pt\/index.php?rest_route=\/wp\/v2\/pages\/41","targetHints":{"allow":["GET"]}}],"collection":[{"href":"https:\/\/limpezadecondominios.pt\/index.php?rest_route=\/wp\/v2\/pages"}],"about":[{"href":"https:\/\/limpezadecondominios.pt\/index.php?rest_route=\/wp\/v2\/types\/page"}],"author":[{"embeddable":true,"href":"https:\/\/limpezadecondominios.pt\/index.php?rest_route=\/wp\/v2\/users\/1"}],"replies":[{"embeddable":true,"href":"https:\/\/limpezadecondominios.pt\/index.php?rest_route=%2Fwp%2Fv2%2Fcomments&post=41"}],"version-history":[{"count":2,"href":"https:\/\/limpezadecondominios.pt\/index.php?rest_route=\/wp\/v2\/pages\/41\/revisions"}],"predecessor-version":[{"id":50,"href":"https:\/\/limpezadecondominios.pt\/index.php?rest_route=\/wp\/v2\/pages\/41\/revisions\/50"}],"wp:attachment":[{"href":"https:\/\/limpezadecondominios.pt\/index.php?rest_route=%2Fwp%2Fv2%2Fmedia&parent=41"}],"curies":[{"name":"wp","href":"https:\/\/api.w.org\/{rel}","templated":true}]}}